{"id":475,"date":"2025-05-27T11:35:53","date_gmt":"2025-05-27T11:35:53","guid":{"rendered":"https:\/\/www.kahramanhukuk.com.tr\/our-team\/muammer-ozturk\/"},"modified":"2025-06-25T12:17:31","modified_gmt":"2025-06-25T12:17:31","slug":"muammer-ozturk","status":"publish","type":"page","link":"https:\/\/kahramanhukuk.com.tr\/en\/our-team\/muammer-ozturk\/","title":{"rendered":"Muammer \u00d6ZT\u00dcRK"},"content":{"rendered":"\t\t<div data-elementor-type=\"wp-page\" data-elementor-id=\"475\" class=\"elementor elementor-475 elementor-182\" data-elementor-post-type=\"page\">\n\t\t\t\t<div class=\"elementor-element elementor-element-485b40d e-flex e-con-boxed e-con e-parent\" data-id=\"485b40d\" data-element_type=\"container\" data-e-type=\"container\" data-settings=\"{&quot;background_background&quot;:&quot;classic&quot;,&quot;jet_parallax_layout_list&quot;:[]}\">\n\t\t\t\t\t<div class=\"e-con-inner\">\n\t\t\t\t<div class=\"elementor-element elementor-element-3c0f0fe jet-breadcrumbs-align-center elementor-widget elementor-widget-jet-breadcrumbs\" data-id=\"3c0f0fe\" data-element_type=\"widget\" data-e-type=\"widget\" data-widget_type=\"jet-breadcrumbs.default\">\n\t\t\t\t<div class=\"elementor-widget-container\">\n\t\t\t\t\t<div class=\"elementor-jet-breadcrumbs jet-blocks\">\n\t\t<div class=\"jet-breadcrumbs\">\n\t\t<div class=\"jet-breadcrumbs__content\">\n\t\t<div class=\"jet-breadcrumbs__wrap\"><div class=\"jet-breadcrumbs__item\"><a href=\"https:\/\/kahramanhukuk.com.tr\/en\/\" class=\"jet-breadcrumbs__item-link is-home\" rel=\"home\" title=\"Kahraman Hukuk\">Kahraman Hukuk<\/a><\/div>\n\t\t<\/div>\n\t\t<\/div>\n\t\t<\/div><\/div>\t\t\t\t<\/div>\n\t\t\t\t<\/div>\n\t\t\t\t\t<\/div>\n\t\t\t\t<\/div>\n\t\t<div class=\"elementor-element elementor-element-57be9ee e-flex e-con-boxed e-con e-parent\" data-id=\"57be9ee\" data-element_type=\"container\" data-e-type=\"container\" data-settings=\"{&quot;jet_parallax_layout_list&quot;:[]}\">\n\t\t\t\t\t<div class=\"e-con-inner\">\n\t\t<div class=\"elementor-element elementor-element-30b0e99 e-con-full e-flex e-con e-child\" data-id=\"30b0e99\" data-element_type=\"container\" data-e-type=\"container\" data-settings=\"{&quot;jet_parallax_layout_list&quot;:[]}\">\n\t\t<div class=\"elementor-element elementor-element-354b38a e-con-full e-flex e-con e-child\" data-id=\"354b38a\" data-element_type=\"container\" data-e-type=\"container\" data-settings=\"{&quot;jet_parallax_layout_list&quot;:[]}\">\n\t\t<div class=\"elementor-element elementor-element-ceb9f19 e-con-full e-flex e-con e-child\" data-id=\"ceb9f19\" data-element_type=\"container\" data-e-type=\"container\" data-settings=\"{&quot;background_background&quot;:&quot;classic&quot;,&quot;jet_parallax_layout_list&quot;:[]}\">\n\t\t<div class=\"elementor-element elementor-element-84f0aaf e-con-full e-flex e-con e-child\" data-id=\"84f0aaf\" data-element_type=\"container\" data-e-type=\"container\" data-settings=\"{&quot;background_background&quot;:&quot;classic&quot;,&quot;jet_parallax_layout_list&quot;:[]}\">\n\t\t<div class=\"elementor-element elementor-element-5a6c8c2 e-con-full e-flex e-con e-child\" data-id=\"5a6c8c2\" data-element_type=\"container\" data-e-type=\"container\" data-settings=\"{&quot;jet_parallax_layout_list&quot;:[]}\">\n\t\t\t\t<div class=\"elementor-element elementor-element-243cd5f elementor-widget elementor-widget-heading\" data-id=\"243cd5f\" data-element_type=\"widget\" data-e-type=\"widget\" data-widget_type=\"heading.default\">\n\t\t\t\t\t<p class=\"elementor-heading-title elementor-size-default\">Counselor<\/p>\t\t\t\t<\/div>\n\t\t\t\t<div class=\"elementor-element elementor-element-c2b1af7 elementor-widget elementor-widget-heading\" data-id=\"c2b1af7\" data-element_type=\"widget\" data-e-type=\"widget\" data-widget_type=\"heading.default\">\n\t\t\t\t\t<p class=\"elementor-heading-title elementor-size-default\">info@kahramanhukuk.com.tr<\/p>\t\t\t\t<\/div>\n\t\t\t\t<\/div>\n\t\t\t\t<\/div>\n\t\t\t\t<\/div>\n\t\t<div class=\"elementor-element elementor-element-4621974 e-con-full e-flex e-con e-child\" data-id=\"4621974\" data-element_type=\"container\" data-e-type=\"container\" data-settings=\"{&quot;jet_parallax_layout_list&quot;:[]}\">\n\t\t\t\t<div class=\"elementor-element elementor-element-7eee47f elementor-widget elementor-widget-heading\" data-id=\"7eee47f\" data-element_type=\"widget\" data-e-type=\"widget\" data-widget_type=\"heading.default\">\n\t\t\t\t\t<p class=\"elementor-heading-title elementor-size-default\">Muammer \u00d6ZT\u00dcRK<\/p>\t\t\t\t<\/div>\n\t\t\t\t<div class=\"elementor-element elementor-element-097a146 elementor-widget-divider--view-line elementor-widget elementor-widget-divider\" data-id=\"097a146\" data-element_type=\"widget\" data-e-type=\"widget\" data-widget_type=\"divider.default\">\n\t\t\t\t\t\t\t<div class=\"elementor-divider\">\n\t\t\t<span class=\"elementor-divider-separator\">\n\t\t\t\t\t\t<\/span>\n\t\t<\/div>\n\t\t\t\t\t\t<\/div>\n\t\t\t\t<div class=\"elementor-element elementor-element-7c50181 elementor-widget elementor-widget-text-editor\" data-id=\"7c50181\" data-element_type=\"widget\" data-e-type=\"widget\" data-widget_type=\"text-editor.default\">\n\t\t\t\t\t\t\t\t\t<p>In 2004, Mr \u00d6zt\u00fcrk was elected as a member of the Court of Cassation and in 2016 he was elected as the President of the 15th Civil Chamber of the Court of Cassation. Having retired from the presidency, \u00d6zt\u00fcrk currently provides consultancy support on real estate and construction law and works contracts at Kahraman Law &amp; Consultancy.  <\/p><p>\u00d6zt\u00fcrk has a published book titled \u2018Procedures and Principles of Works Contracts\u2019.<\/p>\t\t\t\t\t\t\t\t<\/div>\n\t\t\t\t<\/div>\n\t\t\t\t<\/div>\n\t\t\t\t<\/div>\n\t\t\t\t\t<\/div>\n\t\t\t\t<\/div>\n\t\t\t\t<\/div>\n\t\t","protected":false},"excerpt":{"rendered":"<p>Kahraman Hukuk Counselor info@kahramanhukuk.com.tr Muammer \u00d6ZT\u00dcRK In 2004, Mr \u00d6zt\u00fcrk was elected as a member of the Court of Cassation and in 2016 he was elected as the President of the 15th Civil Chamber of the Court of Cassation. Having retired from the presidency, \u00d6zt\u00fcrk currently provides consultancy support on real estate and construction law [&hellip;]<\/p>\n","protected":false},"author":1,"featured_media":0,"parent":282,"menu_order":0,"comment_status":"closed","ping_status":"closed","template":"elementor_header_footer","meta":{"footnotes":""},"class_list":["post-475","page","type-page","status-publish","hentry"],"_links":{"self":[{"href":"https:\/\/kahramanhukuk.com.tr\/en\/wp-json\/wp\/v2\/pages\/475","targetHints":{"allow":["GET"]}}],"collection":[{"href":"https:\/\/kahramanhukuk.com.tr\/en\/wp-json\/wp\/v2\/pages"}],"about":[{"href":"https:\/\/kahramanhukuk.com.tr\/en\/wp-json\/wp\/v2\/types\/page"}],"author":[{"embeddable":true,"href":"https:\/\/kahramanhukuk.com.tr\/en\/wp-json\/wp\/v2\/users\/1"}],"replies":[{"embeddable":true,"href":"https:\/\/kahramanhukuk.com.tr\/en\/wp-json\/wp\/v2\/comments?post=475"}],"version-history":[{"count":6,"href":"https:\/\/kahramanhukuk.com.tr\/en\/wp-json\/wp\/v2\/pages\/475\/revisions"}],"predecessor-version":[{"id":874,"href":"https:\/\/kahramanhukuk.com.tr\/en\/wp-json\/wp\/v2\/pages\/475\/revisions\/874"}],"up":[{"embeddable":true,"href":"https:\/\/kahramanhukuk.com.tr\/en\/wp-json\/wp\/v2\/pages\/282"}],"wp:attachment":[{"href":"https:\/\/kahramanhukuk.com.tr\/en\/wp-json\/wp\/v2\/media?parent=475"}],"curies":[{"name":"wp","href":"https:\/\/api.w.org\/{rel}","templated":true}]}}